{"id":1414,"date":"2023-05-25T08:42:41","date_gmt":"2023-05-25T08:42:41","guid":{"rendered":"https:\/\/trustbiz.pt\/?post_type=product&#038;p=1414"},"modified":"2023-09-29T14:56:42","modified_gmt":"2023-09-29T14:56:42","slug":"premium-company-foreigner","status":"publish","type":"product","link":"https:\/\/trustbiz.pt\/pt\/produto\/premium-company-foreigner\/","title":{"rendered":"Premium"},"content":{"rendered":"","protected":false},"excerpt":{"rendered":"<p>Eleve as suas ambi\u00e7\u00f5es com este plano,  concebido para entidades vision\u00e1rias. Tenha acesso a um conjunto exclusivo de ferramentas e servi\u00e7os, que v\u00e3o ajud\u00e1-lo a criar um neg\u00f3cio de sucesso.<\/p>","protected":false},"featured_media":0,"template":"","meta":{"_acf_changed":false},"product_brand":[],"product_cat":[51,52,54],"product_tag":[],"class_list":{"0":"post-1414","1":"product","2":"type-product","3":"status-publish","5":"product_cat-accounting","6":"product_cat-without-company","7":"product_cat-foreigner","8":"no-featured-image-padding","9":"sales-flash-overlay","10":"woocommerce-text-align-center","11":"woocommerce-image-align-center","12":"do-quantity-buttons","14":"first","15":"instock","16":"virtual","17":"sold-individually","18":"taxable","19":"purchasable","20":"product-type-subscription"},"exclude_global_add_ons":false,"addons":[{"name":"Contas Banc\u00e1rias","type":"multiple_choice","position":0,"required":true,"title_format":"label","default":"","description_enable":true,"description":"N\u00famero de contas banc\u00e1rias para trabalho","placeholder_enable":false,"placeholder":"","display":"select","restrictions_type":"any_text","adjust_price":false,"price":"","price_type":"flat_fee","restrictions":false,"min":"0","max":"0","options":[{"label":"No","price":"","price_type":"flat_fee","image":0,"visibility":true},{"label":"+1","price":"10","price_type":"flat_fee","image":0,"visibility":true},{"label":"+2","price":"20","price_type":"flat_fee","image":0,"visibility":true},{"label":"+3","price":"30","price_type":"flat_fee","image":0,"visibility":true},{"label":"+4","price":"40","price_type":"flat_fee","image":0,"visibility":true},{"label":"+5","price":"50","price_type":"flat_fee","image":0,"visibility":true}],"id":1685002639},{"name":"Processamento Salarial","type":"multiple_choice","position":1,"required":true,"title_format":"label","default":"","description_enable":true,"description":"N\u00famero de trabalhadores","placeholder_enable":false,"placeholder":"","display":"select","restrictions_type":"any_text","adjust_price":false,"price":"","price_type":"flat_fee","restrictions":false,"min":"0","max":"0","options":[{"label":"No","price":"","price_type":"flat_fee","image":0,"visibility":true},{"label":"1","price":"15","price_type":"flat_fee","image":0,"visibility":true},{"label":"2","price":"30","price_type":"flat_fee","image":0,"visibility":true},{"label":"3","price":"45","price_type":"flat_fee","image":0,"visibility":true},{"label":"4","price":"60","price_type":"flat_fee","image":0,"visibility":true},{"label":"5","price":"75","price_type":"flat_fee","image":0,"visibility":true}],"id":1685002640},{"name":"Invent\u00e1rio","type":"multiple_choice","position":2,"required":true,"title_format":"label","default":"","description_enable":true,"description":"Necessita de controlo de invent\u00e1rio?","placeholder_enable":false,"placeholder":"","display":"select","restrictions_type":"any_text","adjust_price":false,"price":"","price_type":"flat_fee","restrictions":false,"min":"0","max":"0","options":[{"label":"No","price":"","price_type":"flat_fee","image":0,"visibility":true},{"label":"Yes","price":"20","price_type":"flat_fee","image":0,"visibility":true}],"id":1685002641},{"name":"Fatura\u00e7\u00e3o","type":"multiple_choice","position":3,"required":true,"title_format":"label","default":"","description_enable":true,"description":"Quer delegar trabalho de fatura\u00e7\u00e3o?","placeholder_enable":false,"placeholder":"","display":"select","restrictions_type":"any_text","adjust_price":false,"price":"","price_type":"flat_fee","restrictions":false,"min":"0","max":"0","options":[{"label":"No","price":"","price_type":"flat_fee","image":0,"visibility":true},{"label":"1-9","price":"20","price_type":"flat_fee","image":0,"visibility":true},{"label":"10-19","price":"40","price_type":"flat_fee","image":0,"visibility":true},{"label":"20-29","price":"60","price_type":"flat_fee","image":0,"visibility":true},{"label":"30-39","price":"80","price_type":"flat_fee","image":0,"visibility":true},{"label":"40+ (on request)","price":"","price_type":"flat_fee","image":0,"visibility":true}],"id":1685002642}],"acf":[],"yoast_head":"<!-- This site is optimized with the Yoast SEO Premium plugin v25.0 (Yoast SEO v25.8) - https:\/\/yoast.com\/wordpress\/plugins\/seo\/ -->\n<title>Premium - TrustBiz<\/title>\n<meta name=\"robots\" content=\"index, follow, max-snippet:-1, max-image-preview:large, max-video-preview:-1\" \/>\n<link rel=\"canonical\" href=\"https:\/\/trustbiz.pt\/pt\/produto\/premium-company-foreigner\/\" \/>\n<meta property=\"og:locale\" content=\"pt_PT\" \/>\n<meta property=\"og:type\" content=\"article\" \/>\n<meta property=\"og:title\" content=\"Premium\" \/>\n<meta property=\"og:description\" content=\"Elevate your ambitions with our Premium Plan, tailored for visionary entities. Get access an exclusive set of tools and services, to help you create a success business.\" \/>\n<meta property=\"og:url\" content=\"https:\/\/trustbiz.pt\/pt\/produto\/premium-company-foreigner\/\" \/>\n<meta property=\"og:site_name\" content=\"TrustBiz\" \/>\n<meta property=\"article:modified_time\" content=\"2023-09-29T14:56:42+00:00\" \/>\n<meta name=\"twitter:card\" content=\"summary_large_image\" \/>\n<script type=\"application\/ld+json\" class=\"yoast-schema-graph\">{\"@context\":\"https:\/\/schema.org\",\"@graph\":[{\"@type\":\"WebPage\",\"@id\":\"https:\/\/trustbiz.pt\/product\/premium-company-foreigner\/\",\"url\":\"https:\/\/trustbiz.pt\/product\/premium-company-foreigner\/\",\"name\":\"Premium - TrustBiz\",\"isPartOf\":{\"@id\":\"https:\/\/trustbiz.pt\/#website\"},\"datePublished\":\"2023-05-25T08:42:41+00:00\",\"dateModified\":\"2023-09-29T14:56:42+00:00\",\"breadcrumb\":{\"@id\":\"https:\/\/trustbiz.pt\/product\/premium-company-foreigner\/#breadcrumb\"},\"inLanguage\":\"pt-PT\",\"potentialAction\":[{\"@type\":\"ReadAction\",\"target\":[\"https:\/\/trustbiz.pt\/product\/premium-company-foreigner\/\"]}]},{\"@type\":\"BreadcrumbList\",\"@id\":\"https:\/\/trustbiz.pt\/product\/premium-company-foreigner\/#breadcrumb\",\"itemListElement\":[{\"@type\":\"ListItem\",\"position\":1,\"name\":\"Home\",\"item\":\"https:\/\/trustbiz.pt\/\"},{\"@type\":\"ListItem\",\"position\":2,\"name\":\"Products\",\"item\":\"https:\/\/trustbiz.pt\/shop\/\"},{\"@type\":\"ListItem\",\"position\":3,\"name\":\"Premium\"}]},{\"@type\":\"WebSite\",\"@id\":\"https:\/\/trustbiz.pt\/#website\",\"url\":\"https:\/\/trustbiz.pt\/\",\"name\":\"TrustBiz\",\"description\":\"\",\"publisher\":{\"@id\":\"https:\/\/trustbiz.pt\/#organization\"},\"potentialAction\":[{\"@type\":\"SearchAction\",\"target\":{\"@type\":\"EntryPoint\",\"urlTemplate\":\"https:\/\/trustbiz.pt\/?s={search_term_string}\"},\"query-input\":{\"@type\":\"PropertyValueSpecification\",\"valueRequired\":true,\"valueName\":\"search_term_string\"}}],\"inLanguage\":\"pt-PT\"},{\"@type\":\"Organization\",\"@id\":\"https:\/\/trustbiz.pt\/#organization\",\"name\":\"TrustBiz\",\"url\":\"https:\/\/trustbiz.pt\/\",\"logo\":{\"@type\":\"ImageObject\",\"inLanguage\":\"pt-PT\",\"@id\":\"https:\/\/trustbiz.pt\/#\/schema\/logo\/image\/\",\"url\":\"https:\/\/trustbiz.pt\/wp-content\/uploads\/2023\/03\/trustbiz_logo_c.svg\",\"contentUrl\":\"https:\/\/trustbiz.pt\/wp-content\/uploads\/2023\/03\/trustbiz_logo_c.svg\",\"caption\":\"TrustBiz\"},\"image\":{\"@id\":\"https:\/\/trustbiz.pt\/#\/schema\/logo\/image\/\"}}]}<\/script>\n<!-- \/ Yoast SEO Premium plugin. -->","yoast_head_json":{"title":"Premium - TrustBiz","robots":{"index":"index","follow":"follow","max-snippet":"max-snippet:-1","max-image-preview":"max-image-preview:large","max-video-preview":"max-video-preview:-1"},"canonical":"https:\/\/trustbiz.pt\/pt\/produto\/premium-company-foreigner\/","og_locale":"pt_PT","og_type":"article","og_title":"Premium","og_description":"Elevate your ambitions with our Premium Plan, tailored for visionary entities. Get access an exclusive set of tools and services, to help you create a success business.","og_url":"https:\/\/trustbiz.pt\/pt\/produto\/premium-company-foreigner\/","og_site_name":"TrustBiz","article_modified_time":"2023-09-29T14:56:42+00:00","twitter_card":"summary_large_image","schema":{"@context":"https:\/\/schema.org","@graph":[{"@type":"WebPage","@id":"https:\/\/trustbiz.pt\/product\/premium-company-foreigner\/","url":"https:\/\/trustbiz.pt\/product\/premium-company-foreigner\/","name":"Premium - TrustBiz","isPartOf":{"@id":"https:\/\/trustbiz.pt\/#website"},"datePublished":"2023-05-25T08:42:41+00:00","dateModified":"2023-09-29T14:56:42+00:00","breadcrumb":{"@id":"https:\/\/trustbiz.pt\/product\/premium-company-foreigner\/#breadcrumb"},"inLanguage":"pt-PT","potentialAction":[{"@type":"ReadAction","target":["https:\/\/trustbiz.pt\/product\/premium-company-foreigner\/"]}]},{"@type":"BreadcrumbList","@id":"https:\/\/trustbiz.pt\/product\/premium-company-foreigner\/#breadcrumb","itemListElement":[{"@type":"ListItem","position":1,"name":"Home","item":"https:\/\/trustbiz.pt\/"},{"@type":"ListItem","position":2,"name":"Products","item":"https:\/\/trustbiz.pt\/shop\/"},{"@type":"ListItem","position":3,"name":"Premium"}]},{"@type":"WebSite","@id":"https:\/\/trustbiz.pt\/#website","url":"https:\/\/trustbiz.pt\/","name":"TrustBiz","description":"","publisher":{"@id":"https:\/\/trustbiz.pt\/#organization"},"potentialAction":[{"@type":"SearchAction","target":{"@type":"EntryPoint","urlTemplate":"https:\/\/trustbiz.pt\/?s={search_term_string}"},"query-input":{"@type":"PropertyValueSpecification","valueRequired":true,"valueName":"search_term_string"}}],"inLanguage":"pt-PT"},{"@type":"Organization","@id":"https:\/\/trustbiz.pt\/#organization","name":"TrustBiz","url":"https:\/\/trustbiz.pt\/","logo":{"@type":"ImageObject","inLanguage":"pt-PT","@id":"https:\/\/trustbiz.pt\/#\/schema\/logo\/image\/","url":"https:\/\/trustbiz.pt\/wp-content\/uploads\/2023\/03\/trustbiz_logo_c.svg","contentUrl":"https:\/\/trustbiz.pt\/wp-content\/uploads\/2023\/03\/trustbiz_logo_c.svg","caption":"TrustBiz"},"image":{"@id":"https:\/\/trustbiz.pt\/#\/schema\/logo\/image\/"}}]}},"_links":{"self":[{"href":"https:\/\/trustbiz.pt\/pt\/wp-json\/wp\/v2\/product\/1414","targetHints":{"allow":["GET"]}}],"collection":[{"href":"https:\/\/trustbiz.pt\/pt\/wp-json\/wp\/v2\/product"}],"about":[{"href":"https:\/\/trustbiz.pt\/pt\/wp-json\/wp\/v2\/types\/product"}],"wp:attachment":[{"href":"https:\/\/trustbiz.pt\/pt\/wp-json\/wp\/v2\/media?parent=1414"}],"wp:term":[{"taxonomy":"product_brand","embeddable":true,"href":"https:\/\/trustbiz.pt\/pt\/wp-json\/wp\/v2\/product_brand?post=1414"},{"taxonomy":"product_cat","embeddable":true,"href":"https:\/\/trustbiz.pt\/pt\/wp-json\/wp\/v2\/product_cat?post=1414"},{"taxonomy":"product_tag","embeddable":true,"href":"https:\/\/trustbiz.pt\/pt\/wp-json\/wp\/v2\/product_tag?post=1414"}],"curies":[{"name":"wp","href":"https:\/\/api.w.org\/{rel}","templated":true}]}}