{"id":1521,"date":"2023-06-15T10:21:56","date_gmt":"2023-06-15T10:21:56","guid":{"rendered":"https:\/\/trustbiz.pt\/?post_type=product&#038;p=1521"},"modified":"2023-06-16T13:17:25","modified_gmt":"2023-06-16T13:17:25","slug":"inscription-irnpc","status":"publish","type":"product","link":"https:\/\/trustbiz.pt\/pt\/produto\/inscription-irnpc\/","title":{"rendered":"Inscri\u00e7\u00e3o IRNPC (Imposto sobre o Rendimento das Pessoas Coletivas para Entidades N\u00e3o Residentes)"},"content":{"rendered":"<p><span data-sheets-value=\"{&quot;1&quot;:2,&quot;2&quot;:&quot;Inscription IRNPC( for non resident entities)&quot;}\">Para entidades n\u00e3o residentes<\/span><\/p>","protected":false},"excerpt":{"rendered":"","protected":false},"featured_media":0,"template":"","meta":{"_acf_changed":false},"product_brand":[],"product_cat":[56],"product_tag":[],"class_list":{"0":"post-1521","1":"product","2":"type-product","3":"status-publish","5":"product_cat-other-business-services","6":"no-featured-image-padding","7":"sales-flash-overlay","8":"woocommerce-text-align-center","9":"woocommerce-image-align-center","10":"do-quantity-buttons","12":"first","13":"instock","14":"virtual","15":"taxable","16":"purchasable","17":"product-type-simple"},"exclude_global_add_ons":[],"addons":[],"acf":[],"yoast_head":"<!-- This site is optimized with the Yoast SEO Premium plugin v25.0 (Yoast SEO v25.8) - https:\/\/yoast.com\/wordpress\/plugins\/seo\/ -->\n<title>Inscription IRNPC - TrustBiz<\/title>\n<meta name=\"robots\" content=\"index, follow, max-snippet:-1, max-image-preview:large, max-video-preview:-1\" \/>\n<link rel=\"canonical\" href=\"https:\/\/trustbiz.pt\/pt\/produto\/inscription-irnpc\/\" \/>\n<meta property=\"og:locale\" content=\"pt_PT\" \/>\n<meta property=\"og:type\" content=\"article\" \/>\n<meta property=\"og:title\" content=\"Inscription IRNPC\" \/>\n<meta property=\"og:url\" content=\"https:\/\/trustbiz.pt\/pt\/produto\/inscription-irnpc\/\" \/>\n<meta property=\"og:site_name\" content=\"TrustBiz\" \/>\n<meta property=\"article:modified_time\" content=\"2023-06-16T13:17:25+00:00\" \/>\n<meta name=\"twitter:card\" content=\"summary_large_image\" \/>\n<script type=\"application\/ld+json\" class=\"yoast-schema-graph\">{\"@context\":\"https:\/\/schema.org\",\"@graph\":[{\"@type\":\"WebPage\",\"@id\":\"https:\/\/trustbiz.pt\/product\/inscription-irnpc\/\",\"url\":\"https:\/\/trustbiz.pt\/product\/inscription-irnpc\/\",\"name\":\"Inscription IRNPC - TrustBiz\",\"isPartOf\":{\"@id\":\"https:\/\/trustbiz.pt\/#website\"},\"datePublished\":\"2023-06-15T10:21:56+00:00\",\"dateModified\":\"2023-06-16T13:17:25+00:00\",\"breadcrumb\":{\"@id\":\"https:\/\/trustbiz.pt\/product\/inscription-irnpc\/#breadcrumb\"},\"inLanguage\":\"pt-PT\",\"potentialAction\":[{\"@type\":\"ReadAction\",\"target\":[\"https:\/\/trustbiz.pt\/product\/inscription-irnpc\/\"]}]},{\"@type\":\"BreadcrumbList\",\"@id\":\"https:\/\/trustbiz.pt\/product\/inscription-irnpc\/#breadcrumb\",\"itemListElement\":[{\"@type\":\"ListItem\",\"position\":1,\"name\":\"Home\",\"item\":\"https:\/\/trustbiz.pt\/\"},{\"@type\":\"ListItem\",\"position\":2,\"name\":\"Products\",\"item\":\"https:\/\/trustbiz.pt\/shop\/\"},{\"@type\":\"ListItem\",\"position\":3,\"name\":\"Inscription IRNPC\"}]},{\"@type\":\"WebSite\",\"@id\":\"https:\/\/trustbiz.pt\/#website\",\"url\":\"https:\/\/trustbiz.pt\/\",\"name\":\"TrustBiz\",\"description\":\"\",\"publisher\":{\"@id\":\"https:\/\/trustbiz.pt\/#organization\"},\"potentialAction\":[{\"@type\":\"SearchAction\",\"target\":{\"@type\":\"EntryPoint\",\"urlTemplate\":\"https:\/\/trustbiz.pt\/?s={search_term_string}\"},\"query-input\":{\"@type\":\"PropertyValueSpecification\",\"valueRequired\":true,\"valueName\":\"search_term_string\"}}],\"inLanguage\":\"pt-PT\"},{\"@type\":\"Organization\",\"@id\":\"https:\/\/trustbiz.pt\/#organization\",\"name\":\"TrustBiz\",\"url\":\"https:\/\/trustbiz.pt\/\",\"logo\":{\"@type\":\"ImageObject\",\"inLanguage\":\"pt-PT\",\"@id\":\"https:\/\/trustbiz.pt\/#\/schema\/logo\/image\/\",\"url\":\"https:\/\/trustbiz.pt\/wp-content\/uploads\/2023\/03\/trustbiz_logo_c.svg\",\"contentUrl\":\"https:\/\/trustbiz.pt\/wp-content\/uploads\/2023\/03\/trustbiz_logo_c.svg\",\"caption\":\"TrustBiz\"},\"image\":{\"@id\":\"https:\/\/trustbiz.pt\/#\/schema\/logo\/image\/\"}}]}<\/script>\n<!-- \/ Yoast SEO Premium plugin. -->","yoast_head_json":{"title":"Inscription IRNPC - TrustBiz","robots":{"index":"index","follow":"follow","max-snippet":"max-snippet:-1","max-image-preview":"max-image-preview:large","max-video-preview":"max-video-preview:-1"},"canonical":"https:\/\/trustbiz.pt\/pt\/produto\/inscription-irnpc\/","og_locale":"pt_PT","og_type":"article","og_title":"Inscription IRNPC","og_url":"https:\/\/trustbiz.pt\/pt\/produto\/inscription-irnpc\/","og_site_name":"TrustBiz","article_modified_time":"2023-06-16T13:17:25+00:00","twitter_card":"summary_large_image","schema":{"@context":"https:\/\/schema.org","@graph":[{"@type":"WebPage","@id":"https:\/\/trustbiz.pt\/product\/inscription-irnpc\/","url":"https:\/\/trustbiz.pt\/product\/inscription-irnpc\/","name":"Inscription IRNPC - TrustBiz","isPartOf":{"@id":"https:\/\/trustbiz.pt\/#website"},"datePublished":"2023-06-15T10:21:56+00:00","dateModified":"2023-06-16T13:17:25+00:00","breadcrumb":{"@id":"https:\/\/trustbiz.pt\/product\/inscription-irnpc\/#breadcrumb"},"inLanguage":"pt-PT","potentialAction":[{"@type":"ReadAction","target":["https:\/\/trustbiz.pt\/product\/inscription-irnpc\/"]}]},{"@type":"BreadcrumbList","@id":"https:\/\/trustbiz.pt\/product\/inscription-irnpc\/#breadcrumb","itemListElement":[{"@type":"ListItem","position":1,"name":"Home","item":"https:\/\/trustbiz.pt\/"},{"@type":"ListItem","position":2,"name":"Products","item":"https:\/\/trustbiz.pt\/shop\/"},{"@type":"ListItem","position":3,"name":"Inscription IRNPC"}]},{"@type":"WebSite","@id":"https:\/\/trustbiz.pt\/#website","url":"https:\/\/trustbiz.pt\/","name":"TrustBiz","description":"","publisher":{"@id":"https:\/\/trustbiz.pt\/#organization"},"potentialAction":[{"@type":"SearchAction","target":{"@type":"EntryPoint","urlTemplate":"https:\/\/trustbiz.pt\/?s={search_term_string}"},"query-input":{"@type":"PropertyValueSpecification","valueRequired":true,"valueName":"search_term_string"}}],"inLanguage":"pt-PT"},{"@type":"Organization","@id":"https:\/\/trustbiz.pt\/#organization","name":"TrustBiz","url":"https:\/\/trustbiz.pt\/","logo":{"@type":"ImageObject","inLanguage":"pt-PT","@id":"https:\/\/trustbiz.pt\/#\/schema\/logo\/image\/","url":"https:\/\/trustbiz.pt\/wp-content\/uploads\/2023\/03\/trustbiz_logo_c.svg","contentUrl":"https:\/\/trustbiz.pt\/wp-content\/uploads\/2023\/03\/trustbiz_logo_c.svg","caption":"TrustBiz"},"image":{"@id":"https:\/\/trustbiz.pt\/#\/schema\/logo\/image\/"}}]}},"_links":{"self":[{"href":"https:\/\/trustbiz.pt\/pt\/wp-json\/wp\/v2\/product\/1521","targetHints":{"allow":["GET"]}}],"collection":[{"href":"https:\/\/trustbiz.pt\/pt\/wp-json\/wp\/v2\/product"}],"about":[{"href":"https:\/\/trustbiz.pt\/pt\/wp-json\/wp\/v2\/types\/product"}],"wp:attachment":[{"href":"https:\/\/trustbiz.pt\/pt\/wp-json\/wp\/v2\/media?parent=1521"}],"wp:term":[{"taxonomy":"product_brand","embeddable":true,"href":"https:\/\/trustbiz.pt\/pt\/wp-json\/wp\/v2\/product_brand?post=1521"},{"taxonomy":"product_cat","embeddable":true,"href":"https:\/\/trustbiz.pt\/pt\/wp-json\/wp\/v2\/product_cat?post=1521"},{"taxonomy":"product_tag","embeddable":true,"href":"https:\/\/trustbiz.pt\/pt\/wp-json\/wp\/v2\/product_tag?post=1521"}],"curies":[{"name":"wp","href":"https:\/\/api.w.org\/{rel}","templated":true}]}}